{"id":219,"date":"2021-12-03T09:04:58","date_gmt":"2021-12-03T09:04:58","guid":{"rendered":"https:\/\/theatre-time-capsule.com\/?page_id=219"},"modified":"2021-12-03T09:04:59","modified_gmt":"2021-12-03T09:04:59","slug":"warum","status":"publish","type":"page","link":"https:\/\/theatre-time-capsule.com\/?page_id=219&lang=de","title":{"rendered":"Warum"},"content":{"rendered":"\n<div class=\"wp-block-group content\"><div class=\"wp-block-group__inner-container\">\n<p>Das Theater &#8211; so die These &#8211; k\u00f6nnte einen wichtigen Beitrag zur Reflexion der ausserordentlichen Umst\u00e4nden leisten. Mit der Erstellung einer Zeitkapsel wird ein Ort initiiert, der diese Auseinandersetzung m\u00f6glich macht. Hinzu kommt die Dimension der Zukunft: Welche Erfahrungen sollen die Zeit \u00fcberdauern, um einer k\u00fcnftigen Generation Auskunft zu geben?<\/p>\n\n\n\n<p>Die Struktur des Projektes vereint eine gegenw\u00e4rtige und zukunftsgerichtet Reflexion und richtet dabei den Blick auf das M\u00f6gliche.<\/p>\n\n\n\n<p>Konkret arbeitet das Projekt an einem Inszenierungsskript, das in der Zukunft als Grundlage f\u00fcr eine Auff\u00fchrung dient. Zusammen mit anderen Dokumenten und Materialien die es zur Realisation einer Auff\u00fchrung braucht (Requisiten, B\u00fchnenbildelemente, Dokumente und Recherche-Material), bildet es den Inhalt der Zeitkapsel.<\/p>\n<\/div><\/div>\n\n\n<script type=\"text\/javascript\">jQuery(document).ready(function(){jQuery(\".homemenu\").addClass(\"active\");jQuery(\".menu\").addClass(\"active\");});<\/script>\n\n\n\n<p><\/p>\n","protected":false},"excerpt":{"rendered":"<p>Das Theater &#8211; so die These &#8211; k\u00f6nnte einen wichtigen Beitrag zur Reflexion der ausserordentlichen Umst\u00e4nden leisten. Mit der Erstellung einer Zeitkapsel wird ein Ort initiiert, der diese Auseinandersetzung m\u00f6glich macht. Hinzu kommt die Dimension der Zukunft: Welche Erfahrungen sollen die Zeit \u00fcberdauern, um einer k\u00fcnftigen Generation Auskunft zu geben? Die Struktur des Projektes vereint [&hellip;]<\/p>\n","protected":false},"author":2,"featured_media":0,"parent":0,"menu_order":0,"comment_status":"closed","ping_status":"closed","template":"","meta":[],"_links":{"self":[{"href":"https:\/\/theatre-time-capsule.com\/index.php?rest_route=\/wp\/v2\/pages\/219"}],"collection":[{"href":"https:\/\/theatre-time-capsule.com\/index.php?rest_route=\/wp\/v2\/pages"}],"about":[{"href":"https:\/\/theatre-time-capsule.com\/index.php?rest_route=\/wp\/v2\/types\/page"}],"author":[{"embeddable":true,"href":"https:\/\/theatre-time-capsule.com\/index.php?rest_route=\/wp\/v2\/users\/2"}],"replies":[{"embeddable":true,"href":"https:\/\/theatre-time-capsule.com\/index.php?rest_route=%2Fwp%2Fv2%2Fcomments&post=219"}],"version-history":[{"count":1,"href":"https:\/\/theatre-time-capsule.com\/index.php?rest_route=\/wp\/v2\/pages\/219\/revisions"}],"predecessor-version":[{"id":220,"href":"https:\/\/theatre-time-capsule.com\/index.php?rest_route=\/wp\/v2\/pages\/219\/revisions\/220"}],"wp:attachment":[{"href":"https:\/\/theatre-time-capsule.com\/index.php?rest_route=%2Fwp%2Fv2%2Fmedia&parent=219"}],"curies":[{"name":"wp","href":"https:\/\/api.w.org\/{rel}","templated":true}]}}