{"id":217,"date":"2021-12-03T09:03:44","date_gmt":"2021-12-03T09:03:44","guid":{"rendered":"https:\/\/theatre-time-capsule.com\/?page_id=217"},"modified":"2021-12-03T09:03:45","modified_gmt":"2021-12-03T09:03:45","slug":"wer","status":"publish","type":"page","link":"https:\/\/theatre-time-capsule.com\/?page_id=217&lang=de","title":{"rendered":"Wer"},"content":{"rendered":"\n<div class=\"wp-block-group content\"><div class=\"wp-block-group__inner-container\">\n<p>Konzept und Realisation:<br><a rel=\"noreferrer noopener\" href=\"http:\/\/www.yvesregenass.ch\" target=\"_blank\">Yves Regenass<\/a><br><\/p>\n\n\n\n<p>Expert*innen: <br><a rel=\"noreferrer noopener\" href=\"https:\/\/www.ds.uzh.ch\/p\/pierstorff\" target=\"_blank\">Cornelia Pierstorff<\/a>, <a rel=\"noreferrer noopener\" href=\"https:\/\/oliverroth.ch\" target=\"_blank\">Oliver Roth<\/a> und <a rel=\"noreferrer noopener\" href=\"http:\/\/trickster-p.ch\/informations\/poetics\/\" target=\"_blank\">Cristina Galbiati<\/a> <br><\/p>\n\n\n\n<p>Programmierung und Design: <br>Simon Koschmieder<\/p>\n\n\n\n<p><\/p>\n\n\n\n<p>Einen Herzlichen Dank f\u00fcr die Unterst\u00fctzung des Rechercheprojektes an die Stiftung Pro Helvetia und den Fachausschuss f\u00fcr Tanz und Theater Baselstadt und Baselland<\/p>\n<\/div><\/div>\n\n\n<script type=\"text\/javascript\">jQuery(document).ready(function(){jQuery(\".homemenu\").addClass(\"active\");jQuery(\".menu\").addClass(\"active\");});<\/script>\n\n\n\n<p><\/p>\n","protected":false},"excerpt":{"rendered":"<p>Konzept und Realisation:Yves Regenass Expert*innen: Cornelia Pierstorff, Oliver Roth und Cristina Galbiati Programmierung und Design: Simon Koschmieder Einen Herzlichen Dank f\u00fcr die Unterst\u00fctzung des Rechercheprojektes an die Stiftung Pro Helvetia und den Fachausschuss f\u00fcr Tanz und Theater Baselstadt und Baselland<\/p>\n","protected":false},"author":2,"featured_media":0,"parent":0,"menu_order":0,"comment_status":"closed","ping_status":"closed","template":"","meta":[],"_links":{"self":[{"href":"https:\/\/theatre-time-capsule.com\/index.php?rest_route=\/wp\/v2\/pages\/217"}],"collection":[{"href":"https:\/\/theatre-time-capsule.com\/index.php?rest_route=\/wp\/v2\/pages"}],"about":[{"href":"https:\/\/theatre-time-capsule.com\/index.php?rest_route=\/wp\/v2\/types\/page"}],"author":[{"embeddable":true,"href":"https:\/\/theatre-time-capsule.com\/index.php?rest_route=\/wp\/v2\/users\/2"}],"replies":[{"embeddable":true,"href":"https:\/\/theatre-time-capsule.com\/index.php?rest_route=%2Fwp%2Fv2%2Fcomments&post=217"}],"version-history":[{"count":1,"href":"https:\/\/theatre-time-capsule.com\/index.php?rest_route=\/wp\/v2\/pages\/217\/revisions"}],"predecessor-version":[{"id":218,"href":"https:\/\/theatre-time-capsule.com\/index.php?rest_route=\/wp\/v2\/pages\/217\/revisions\/218"}],"wp:attachment":[{"href":"https:\/\/theatre-time-capsule.com\/index.php?rest_route=%2Fwp%2Fv2%2Fmedia&parent=217"}],"curies":[{"name":"wp","href":"https:\/\/api.w.org\/{rel}","templated":true}]}}