{"id":215,"date":"2021-12-03T09:02:17","date_gmt":"2021-12-03T09:02:17","guid":{"rendered":"https:\/\/theatre-time-capsule.com\/?page_id=215"},"modified":"2021-12-03T09:02:18","modified_gmt":"2021-12-03T09:02:18","slug":"wann","status":"publish","type":"page","link":"https:\/\/theatre-time-capsule.com\/?page_id=215&lang=de","title":{"rendered":"Wann"},"content":{"rendered":"\n<div class=\"wp-block-group content\"><div class=\"wp-block-group__inner-container\">\n<p>Theater die eine Zeitkapsel bei sich verwahren, legen den Zeitpunkt zur \u00d6ffnung selbst fest. Dazu steht ihnen der zeitliche Rahmen von 56-94 Jahren nach der Verschliessung zur Verf\u00fcgung. Hier die aktuelle Liste mit den Orten und Zeiten der Theater-Zeitkapseln:<\/p>\n\n\n\n<p><em>Es gibt noch keine Eintr\u00e4ge [Theater, Ort, Land, Zeitpunkt der Verschliessung-Zeitpunkt der \u00d6ffnung]<\/em><\/p>\n<\/div><\/div>\n\n\n<script type=\"text\/javascript\">jQuery(document).ready(function(){jQuery(\".homemenu\").addClass(\"active\");jQuery(\".menu\").addClass(\"active\");});<\/script>\n\n\n\n<p><\/p>\n","protected":false},"excerpt":{"rendered":"<p>Theater die eine Zeitkapsel bei sich verwahren, legen den Zeitpunkt zur \u00d6ffnung selbst fest. Dazu steht ihnen der zeitliche Rahmen von 56-94 Jahren nach der Verschliessung zur Verf\u00fcgung. Hier die aktuelle Liste mit den Orten und Zeiten der Theater-Zeitkapseln: Es gibt noch keine Eintr\u00e4ge [Theater, Ort, Land, Zeitpunkt der Verschliessung-Zeitpunkt der \u00d6ffnung]<\/p>\n","protected":false},"author":2,"featured_media":0,"parent":0,"menu_order":0,"comment_status":"closed","ping_status":"closed","template":"","meta":[],"_links":{"self":[{"href":"https:\/\/theatre-time-capsule.com\/index.php?rest_route=\/wp\/v2\/pages\/215"}],"collection":[{"href":"https:\/\/theatre-time-capsule.com\/index.php?rest_route=\/wp\/v2\/pages"}],"about":[{"href":"https:\/\/theatre-time-capsule.com\/index.php?rest_route=\/wp\/v2\/types\/page"}],"author":[{"embeddable":true,"href":"https:\/\/theatre-time-capsule.com\/index.php?rest_route=\/wp\/v2\/users\/2"}],"replies":[{"embeddable":true,"href":"https:\/\/theatre-time-capsule.com\/index.php?rest_route=%2Fwp%2Fv2%2Fcomments&post=215"}],"version-history":[{"count":1,"href":"https:\/\/theatre-time-capsule.com\/index.php?rest_route=\/wp\/v2\/pages\/215\/revisions"}],"predecessor-version":[{"id":216,"href":"https:\/\/theatre-time-capsule.com\/index.php?rest_route=\/wp\/v2\/pages\/215\/revisions\/216"}],"wp:attachment":[{"href":"https:\/\/theatre-time-capsule.com\/index.php?rest_route=%2Fwp%2Fv2%2Fmedia&parent=215"}],"curies":[{"name":"wp","href":"https:\/\/api.w.org\/{rel}","templated":true}]}}