{"id":212,"date":"2021-12-03T08:58:40","date_gmt":"2021-12-03T08:58:40","guid":{"rendered":"https:\/\/theatre-time-capsule.com\/?page_id=212"},"modified":"2021-12-03T08:58:41","modified_gmt":"2021-12-03T08:58:41","slug":"was","status":"publish","type":"page","link":"https:\/\/theatre-time-capsule.com\/?page_id=212&lang=de","title":{"rendered":"Was"},"content":{"rendered":"\n<div class=\"wp-block-group content\"><div class=\"wp-block-group__inner-container\">\n<p>Diese Webseite ist Teil des von der Schweizer Kulturstiftung PRO HELVETIA und vom Fachausschuss Tanz und Theater Baselstadt und Baselland gef\u00f6rderte Recherche-Projekts TIME CAPSULE von Yves Regenass.<\/p>\n\n\n\n<p>Als Reaktion auf die geschlossenen Theater w\u00e4hrend der Corona-Krise forscht das Projekt nach M\u00f6glichkeiten, um hier und heute ein Theaterst\u00fcck zu realisieren, das sich mit den gegenw\u00e4rtigen Merkmalen des gesellschaftlichen Lebens und seinen \u00c4sthetiken auseinandersetzt &#8211; aber erst in ferner Zukunft aufgef\u00fchrt wird.<\/p>\n\n\n\n<p>W\u00e4hrend der Recherche wird untersucht, wie sich die Medialit\u00e4t von Zeitkapseln f\u00fcr das Theater und seine momentgebundenen Ereignisse nutzen l\u00e4sst und welche performativen Prozesse f\u00fcr die aktuelle und k\u00fcnftige Vergegenw\u00e4rtigung genutzt werden k\u00f6nnen.<\/p>\n\n\n\n<p>Diese Homepage fordert dazu auf, sich am Sammlungsprozess f\u00fcr die Theater-Zeitkapsel zu beteiligen. Da die Pandemie ein globales und kollektives Ph\u00e4nomen darstellt, soll auch das Zusammentragen des Inhalts auf diese Weise zustande kommen.<\/p>\n\n\n\n<p>Alle sind herzlich eingeladen, ihre pers\u00f6nlichen Corona-Erfahrungen zu konservieren. Vor allem auch Theater, Festivals, Kunstinstitutionen und Schulen, die unter den Auswirkungen von Schliessungen leiden, sollen hier einen Ort vorfinden, der trotz widriger Umst\u00e4nde zusammen mit einem digitalen Publikum einen produktiven Umgang mit unserer Zeit erm\u00f6glicht.<\/p>\n<\/div><\/div>\n\n\n<script type=\"text\/javascript\">jQuery(document).ready(function(){jQuery(\".homemenu\").addClass(\"active\");jQuery(\".menu\").addClass(\"active\");});<\/script>\n\n\n\n<p><\/p>\n","protected":false},"excerpt":{"rendered":"<p>Diese Webseite ist Teil des von der Schweizer Kulturstiftung PRO HELVETIA und vom Fachausschuss Tanz und Theater Baselstadt und Baselland gef\u00f6rderte Recherche-Projekts TIME CAPSULE von Yves Regenass. Als Reaktion auf die geschlossenen Theater w\u00e4hrend der Corona-Krise forscht das Projekt nach M\u00f6glichkeiten, um hier und heute ein Theaterst\u00fcck zu realisieren, das sich mit den gegenw\u00e4rtigen Merkmalen [&hellip;]<\/p>\n","protected":false},"author":2,"featured_media":0,"parent":0,"menu_order":0,"comment_status":"closed","ping_status":"closed","template":"","meta":[],"_links":{"self":[{"href":"https:\/\/theatre-time-capsule.com\/index.php?rest_route=\/wp\/v2\/pages\/212"}],"collection":[{"href":"https:\/\/theatre-time-capsule.com\/index.php?rest_route=\/wp\/v2\/pages"}],"about":[{"href":"https:\/\/theatre-time-capsule.com\/index.php?rest_route=\/wp\/v2\/types\/page"}],"author":[{"embeddable":true,"href":"https:\/\/theatre-time-capsule.com\/index.php?rest_route=\/wp\/v2\/users\/2"}],"replies":[{"embeddable":true,"href":"https:\/\/theatre-time-capsule.com\/index.php?rest_route=%2Fwp%2Fv2%2Fcomments&post=212"}],"version-history":[{"count":1,"href":"https:\/\/theatre-time-capsule.com\/index.php?rest_route=\/wp\/v2\/pages\/212\/revisions"}],"predecessor-version":[{"id":213,"href":"https:\/\/theatre-time-capsule.com\/index.php?rest_route=\/wp\/v2\/pages\/212\/revisions\/213"}],"wp:attachment":[{"href":"https:\/\/theatre-time-capsule.com\/index.php?rest_route=%2Fwp%2Fv2%2Fmedia&parent=212"}],"curies":[{"name":"wp","href":"https:\/\/api.w.org\/{rel}","templated":true}]}}