{"id":207,"date":"2021-12-02T14:38:16","date_gmt":"2021-12-02T14:38:16","guid":{"rendered":"https:\/\/theatre-time-capsule.com\/?page_id=207"},"modified":"2021-12-02T14:41:55","modified_gmt":"2021-12-02T14:41:55","slug":"time-capsule-deutsch","status":"publish","type":"page","link":"https:\/\/theatre-time-capsule.com\/?page_id=207&lang=de","title":{"rendered":"Zeitkapsel"},"content":{"rendered":"<script type=\"module\" src=\"https:\/\/theatre-time-capsule.com\/wp-content\/themes\/timecapsule_three\/js\/three_scene_01.js?v=5\"><\/script><script type=\"text\/javascript\">var numEntriesTotal=149; console.log(\"numEntriesTotal: \"+numEntriesTotal); var language=\"de\";<\/script><img id=\"paperfg\" src=\"https:\/\/theatre-time-capsule.com\/wp-content\/themes\/timecapsule_three\/img\/papertexCoverup.png\" style=\"display:none;\"><img id=\"paperbg\" src=\"https:\/\/theatre-time-capsule.com\/wp-content\/themes\/timecapsule_three\/img\/papertex.png\" style=\"display:none;\"><img id=\"stickerBottomImg0\" src=\"https:\/\/theatre-time-capsule.com\/wp-content\/themes\/timecapsule_three\/img\/stickerImg\/StickerBottom_0.png\" style=\"display:none;\"><img id=\"stickerTopImg0\" src=\"https:\/\/theatre-time-capsule.com\/wp-content\/themes\/timecapsule_three\/img\/stickerImg\/StickerTop_0.png\" style=\"display:none;\"><img id=\"stickerBottomImg1\" src=\"https:\/\/theatre-time-capsule.com\/wp-content\/themes\/timecapsule_three\/img\/stickerImg\/StickerBottom_1.png\" style=\"display:none;\"><img id=\"stickerTopImg1\" src=\"https:\/\/theatre-time-capsule.com\/wp-content\/themes\/timecapsule_three\/img\/stickerImg\/StickerTop_1.png\" style=\"display:none;\"><img id=\"stickerBottomImg2\" src=\"https:\/\/theatre-time-capsule.com\/wp-content\/themes\/timecapsule_three\/img\/stickerImg\/StickerBottom_2.png\" style=\"display:none;\"><img id=\"stickerTopImg2\" src=\"https:\/\/theatre-time-capsule.com\/wp-content\/themes\/timecapsule_three\/img\/stickerImg\/StickerTop_2.png\" style=\"display:none;\"><img id=\"stickerBottomImg3\" src=\"https:\/\/theatre-time-capsule.com\/wp-content\/themes\/timecapsule_three\/img\/stickerImg\/StickerBottom_3.png\" style=\"display:none;\"><img id=\"stickerTopImg3\" src=\"https:\/\/theatre-time-capsule.com\/wp-content\/themes\/timecapsule_three\/img\/stickerImg\/StickerTop_3.png\" style=\"display:none;\"><img id=\"stickerBottomImg4\" src=\"https:\/\/theatre-time-capsule.com\/wp-content\/themes\/timecapsule_three\/img\/stickerImg\/StickerBottom_4.png\" style=\"display:none;\"><img id=\"stickerTopImg4\" src=\"https:\/\/theatre-time-capsule.com\/wp-content\/themes\/timecapsule_three\/img\/stickerImg\/StickerTop_4.png\" style=\"display:none;\"><img id=\"stickerBottomImg5\" src=\"https:\/\/theatre-time-capsule.com\/wp-content\/themes\/timecapsule_three\/img\/stickerImg\/StickerBottom_5.png\" style=\"display:none;\"><img id=\"stickerTopImg5\" src=\"https:\/\/theatre-time-capsule.com\/wp-content\/themes\/timecapsule_three\/img\/stickerImg\/StickerTop_5.png\" style=\"display:none;\"><img id=\"stickerBottomImg6\" src=\"https:\/\/theatre-time-capsule.com\/wp-content\/themes\/timecapsule_three\/img\/stickerImg\/StickerBottom_6.png\" style=\"display:none;\"><img id=\"stickerTopImg6\" src=\"https:\/\/theatre-time-capsule.com\/wp-content\/themes\/timecapsule_three\/img\/stickerImg\/StickerTop_6.png\" style=\"display:none;\"><img id=\"stickerBottomImg7\" src=\"https:\/\/theatre-time-capsule.com\/wp-content\/themes\/timecapsule_three\/img\/stickerImg\/StickerBottom_7.png\" style=\"display:none;\"><img id=\"stickerTopImg7\" src=\"https:\/\/theatre-time-capsule.com\/wp-content\/themes\/timecapsule_three\/img\/stickerImg\/StickerTop_7.png\" style=\"display:none;\"><canvas id = \"paper_canvas\" width=\"1024px\" height=\"1024px\" style=\"display:none;position:absolute;\" ><\/canvas><canvas id = \"sticker_canvas\" width=\"1024px\" height=\"1024px\" style=\"display:none;position:absolute;\" ><\/canvas><div id = \"progress-container\" class=\"active\"><div id = \"progress-bar-outline\"><div id = \"progress-bar\"><\/div><\/div><div id = \"progress-title\">Eintr\u00e4ge:<\/div><div id = \"progress-output\">0<\/div><\/div><div id=\"support-screen\"><div id=\"support-inner\"><div id=\"support-title\"><span class=\"big\">Vielen Dank.<br><br>Wenn du Neuigkeiten \u00fcber die Theater Zeitkapsel erfahren m\u00f6chtest, bitte folge uns auf <a href=\"https:\/\/www.twitter.com\/theatreTimeCap\">twitter<\/a>.<\/span><br><br><br><br><br><br>In Kooperation und unterst\u00fctzt von:<\/div><div class=\"supporter \" style=\"width:12vh\"><a href=\"https:\/\/www.wuk.at\/wuk-performing-arts\/\" target=\"blank\"><img src=\"https:\/\/theatre-time-capsule.com\/wp-content\/themes\/timecapsule_three\/img\/logos\/Logo_WUK_PA.svg\" width=\"100%\"><\/a><\/div><div class=\"supporter \" style=\"width:9vh\"><a href=\"https:\/\/theater-roxy.ch\" target=\"blank\"><img src=\"https:\/\/theatre-time-capsule.com\/wp-content\/themes\/timecapsule_three\/img\/roxy-logo.svg\" width=\"100%\"><\/a><\/div><div class=\"supporter \" style=\"width:9vh\"><a href=\"https:\/\/www.theater-stadelhofen.ch\/\" target=\"blank\"><img src=\"https:\/\/theatre-time-capsule.com\/wp-content\/themes\/timecapsule_three\/img\/logos\/Logo_TS_Weiss.png\" width=\"100%\"><\/a><\/div><div class=\"supporter \" style=\"width:10vh\"><a href=\"https:\/\/www.kleintheater.ch\/\" target=\"blank\"><img src=\"https:\/\/theatre-time-capsule.com\/wp-content\/themes\/timecapsule_three\/img\/logos\/Logo_Kleintheater_LU.png\" width=\"100%\"><\/a><\/div><div class=\"supporter \" style=\"width:12vh\"><a href=\"https:\/\/www.frequenzwechsel.ch\/\" target=\"blank\"><img src=\"https:\/\/theatre-time-capsule.com\/wp-content\/themes\/timecapsule_three\/img\/logos\/Logo_Frequenzwechsel.png\" width=\"100%\"><\/a><\/div><div style=\"clear:left;\"><\/div><div class=\"supporter \" style=\"width:10vh\"><a href=\"https:\/\/www.hek.ch\/\" target=\"blank\"><img src=\"https:\/\/theatre-time-capsule.com\/wp-content\/themes\/timecapsule_three\/img\/logos\/HEK-Logo-white.png\" width=\"100%\"><\/a><\/div><div class=\"supporter \" style=\"width:10vh\"><a href=\"https:\/\/www.theater-im-bahnhof.com\/de\/\" target=\"blank\"><img src=\"https:\/\/theatre-time-capsule.com\/wp-content\/themes\/timecapsule_three\/img\/logos\/TiB_Logo_weiss.png\" width=\"100%\"><\/a><\/div><div style=\"clear:left\"><\/div><\/div><\/div><div id=\"sticker-screen\" ><div id=\"sticker-inner\"><div id=\"sticker-title\">W\u00e4hle einen Aufkleber<\/div><div id=\"sticker-randomizer\">Zufallsgenerator<\/div><div class=\"sticker-selector\" col=\"0\" bg=\"5\" shape=\"1\"><div class=\"sticker col0 bg6 shape1\"  ><div class=\"stickerbottom\"><\/div><div class=\"stickertop\"><\/div><\/div><\/div><div class=\"sticker-selector\" col=\"1\" bg=\"4\" shape=\"2\"  ><div class=\"sticker col1 bg7 shape2\"  ><div class=\"stickerbottom\"><\/div><div class=\"stickertop\"><\/div><\/div><\/div><div class=\"sticker-selector\" col=\"2\" bg=\"3\" shape=\"3\"><div class=\"sticker col2 bg8 shape3\"   ><div class=\"stickerbottom\"><\/div><div class=\"stickertop\"><\/div><\/div><\/div><div class=\"sticker-selector\" col=\"3\" bg=\"2\" shape=\"4\"><div class=\"sticker   col3 bg9 shape4\"   ><div class=\"stickerbottom\"><\/div><div class=\"stickertop\"><\/div><\/div><\/div><div class=\"sticker-selector\" col=\"4\" bg=\"1\" shape=\"5\"><div class=\"sticker col4 bg10 shape5\"   ><div class=\"stickerbottom\"><\/div><div class=\"stickertop\"><\/div><\/div><\/div><div class=\"sticker-selector\" col=\"5\" bg=\"0\" shape=\"6\"><div class=\"sticker   col5 bg11 shape6\"   ><div class=\"stickerbottom\"><\/div><div class=\"stickertop\"><\/div><\/div><\/div><div style=\"clear:left\"><\/div><div class=\"button-holder\"><div id=\"stickers-nothanks\" class=\"button\">Nein Danke<\/div><\/div><\/div><\/div><div id = \"post-screen\"><div id = \"post-bubble\"><img class=\"bubble-1\" src=\"https:\/\/theatre-time-capsule.com\/wp-content\/themes\/timecapsule_three\/img\/Input-Bubble-01.svg\"><img class=\"bubble-2\" src=\"https:\/\/theatre-time-capsule.com\/wp-content\/themes\/timecapsule_three\/img\/Input-Bubble-02.svg\" style=\"display:none;\"><\/div><div id=\"post-command\"><div class=\"bubble-1\">Jetzt bist du an der Reihe<\/div><div class=\"bubble-2\" style=\"display:none;\">M\u00f6chtest du noch etwas hinzuf\u00fcgen?<\/div><\/div><div id = \"post-button-message\" class=\"post-button\"><img src=\"https:\/\/theatre-time-capsule.com\/wp-content\/themes\/timecapsule_three\/img\/Icon-message.svg\">Schreib<br>etwas<\/div><div id = \"post-button-upload\" class=\"post-button\"><img src=\"https:\/\/theatre-time-capsule.com\/wp-content\/themes\/timecapsule_three\/img\/Icon-upload.svg\">Lade etwas<br>hoch<\/div><div id = \"post-button-questions\" class=\"post-button\"><img src=\"https:\/\/theatre-time-capsule.com\/wp-content\/themes\/timecapsule_three\/img\/Icon-questions.svg\">Beantworte<br>4 Fragen<\/div><div id=\"post-footer\"><div class=\"bubble-2\" style=\"display:none;cursor:pointer;text-decoration:underline;\">Nein Danke<\/div><\/div><\/div><div id=\"form-screen\"><div id=\"form-holder\"><\/div><\/div><div id=\"send-screen\"><div id=\"send-folder\"><div id=\"send-content\"><\/div><\/div><div id=\"edit-button\"><img src=\"https:\/\/theatre-time-capsule.com\/wp-content\/themes\/timecapsule_three\/img\/edit.svg\"><\/div><div id=\"send-footer\" class=\"button-holder\"><div id=\"saved-feedback\"><img src=\"https:\/\/theatre-time-capsule.com\/wp-content\/themes\/timecapsule_three\/img\/check.svg\"><br><br>Gespeichert.<\/div><div class=\"button-holder\"><div id=\"send-button\" class=\"button\">Rein damit!<\/div><\/div><\/div><\/div><div id = \"prepost-screen\"><div id=\"prepost\" style=\"\"> Die Erfahrungsdaten, mit denen die Theater Zeitkapsel gef\u00fcttert werden will, sollen aufzeigen, wie unser allt\u00e4gliches Leben in der Pandemie transformiert wurde. Wo, wann, und wie hat sich dieser Wandel manifestiert?<\/div>\t<div id=\"prepostplay\" class=\"active\" style=\"\"><img src=\"https:\/\/theatre-time-capsule.com\/wp-content\/themes\/timecapsule_three\/img\/Play-r.svg\"><\/div><\/div><div id = \"loading-screen\"><div id=\"loader\"><\/div><\/div><div id = \"intro-screen\"><div id=\"intro\"> \t<div class=\"introslide active big\">Hilf mit bei der Erarbeitung der Theater<br>Zeitkapsel<\/div>\t<div class=\"introslide first\">Der Zweck dieser Seite ist die Sammlung von Erfahrungsdaten: Bilder, Anekdoten, Videos, die unser Leben w\u00e4hrend der Pandemie darstellen.<\/div>\t<div class=\"introslide\">Ziel ist es, aus diesem Erfahrungsschatz eine Zeitkapsel f\u00fcr das Theater zu schaffen.<\/div>\t<div class=\"introslide last\">In 54 bis 96 Jahren wird ein Theaterst\u00fcck aufgef\u00fchrt werden. Dein Eintrag k\u00f6nnte ein Teil davon sein.<\/div><\/div><div id=\"intronav\"><div id=\"introplay_center\" class=\"active\"><img src=\"https:\/\/theatre-time-capsule.com\/wp-content\/themes\/timecapsule_three\/img\/Play-r.svg\"><\/div><div id=\"introplay_left\"><img src=\"https:\/\/theatre-time-capsule.com\/wp-content\/themes\/timecapsule_three\/img\/Play-l.svg\"><\/div><div id=\"introplay_right\"><img src=\"https:\/\/theatre-time-capsule.com\/wp-content\/themes\/timecapsule_three\/img\/Play-r.svg\"><\/div><\/div>\t<\/div><div id=\"sponsors\" class=\"active\"><a href=\"https:\/\/prohelvetia.ch\/\" target=\"_blank\"><img src=\"https:\/\/theatre-time-capsule.com\/wp-content\/themes\/timecapsule_three\/img\/logos\/prohelvetia.svg\"><\/a><a href=\"https:\/\/www.baselland.ch\/politik-und-behorden\/direktionen\/bildungs-kultur-und-sportdirektion\/kultur\/kulturelles-bl\" target=\"_blank\" class=\"right\"><img src=\"https:\/\/theatre-time-capsule.com\/wp-content\/themes\/timecapsule_three\/img\/logos\/kulturausschuss.svg\"><\/a><\/div>\n\n\n<script type=\"text\/javascript\">jQuery(document).ready(function(){jQuery(\".homemenu\").addClass(\"active\");jQuery(\".menu\").addClass(\"active\");});<\/script>\n\n\n\n<p><\/p>\n","protected":false},"excerpt":{"rendered":"","protected":false},"author":2,"featured_media":0,"parent":0,"menu_order":0,"comment_status":"closed","ping_status":"closed","template":"","meta":[],"_links":{"self":[{"href":"https:\/\/theatre-time-capsule.com\/index.php?rest_route=\/wp\/v2\/pages\/207"}],"collection":[{"href":"https:\/\/theatre-time-capsule.com\/index.php?rest_route=\/wp\/v2\/pages"}],"about":[{"href":"https:\/\/theatre-time-capsule.com\/index.php?rest_route=\/wp\/v2\/types\/page"}],"author":[{"embeddable":true,"href":"https:\/\/theatre-time-capsule.com\/index.php?rest_route=\/wp\/v2\/users\/2"}],"replies":[{"embeddable":true,"href":"https:\/\/theatre-time-capsule.com\/index.php?rest_route=%2Fwp%2Fv2%2Fcomments&post=207"}],"version-history":[{"count":2,"href":"https:\/\/theatre-time-capsule.com\/index.php?rest_route=\/wp\/v2\/pages\/207\/revisions"}],"predecessor-version":[{"id":210,"href":"https:\/\/theatre-time-capsule.com\/index.php?rest_route=\/wp\/v2\/pages\/207\/revisions\/210"}],"wp:attachment":[{"href":"https:\/\/theatre-time-capsule.com\/index.php?rest_route=%2Fwp%2Fv2%2Fmedia&parent=207"}],"curies":[{"name":"wp","href":"https:\/\/api.w.org\/{rel}","templated":true}]}}